{"id":237940,"date":"2022-11-18T15:14:21","date_gmt":"2022-11-18T15:14:21","guid":{"rendered":"https:\/\/voloradome.com\/gdpr\/"},"modified":"2022-11-22T09:52:00","modified_gmt":"2022-11-22T09:52:00","slug":"kisisel-verilerin-korunmasi","status":"publish","type":"page","link":"https:\/\/voloradome.com\/tr\/kisisel-verilerin-korunmasi\/","title":{"rendered":"Ki\u015fisel Verilerin Korunmas\u0131"},"content":{"rendered":"<p>[et_pb_section fb_built=&#8221;1&#8243; custom_padding_last_edited=&#8221;on|desktop&#8221; next_background_color=&#8221;#ffffff&#8221; _builder_version=&#8221;4.18.1&#8243; _module_preset=&#8221;default&#8221; background_color=&#8221;#1f5d61&#8243; background_image=&#8221;https:\/\/voloradome.com\/wp-content\/uploads\/2021\/01\/gorsel11.jpg&#8221; background_blend=&#8221;darken&#8221; custom_margin=&#8221;0px|0px|0px|0px|false|false&#8221; custom_padding=&#8221;0px||0px||false|false&#8221; custom_padding_tablet=&#8221;0px||0px||false|true&#8221; custom_padding_phone=&#8221;||||false|true&#8221; top_divider_height_last_edited=&#8221;off|desktop&#8221; bottom_divider_style=&#8221;slant2&#8243; bottom_divider_flip=&#8221;horizontal&#8221; bottom_divider_height_tablet=&#8221;80px&#8221; bottom_divider_height_phone=&#8221;40px&#8221; bottom_divider_height_last_edited=&#8221;on|phone&#8221; locked=&#8221;off&#8221; global_colors_info=&#8221;{}&#8221;][et_pb_row _builder_version=&#8221;4.16&#8243; _module_preset=&#8221;default&#8221; width=&#8221;100%&#8221; custom_padding=&#8221;150px||120px||false|false&#8221; locked=&#8221;off&#8221; global_colors_info=&#8221;{}&#8221; custom_padding_tablet=&#8221;150px||120px||false|false&#8221; custom_padding_phone=&#8221;90px||60px||false|false&#8221; custom_padding_last_edited=&#8221;on|phone&#8221;][et_pb_column type=&#8221;4_4&#8243; _builder_version=&#8221;4.16&#8243; _module_preset=&#8221;default&#8221; global_colors_info=&#8221;{}&#8221;][dsm_breadcrumbs show_home_icon=&#8221;off&#8221; align=&#8221;center&#8221; separator_bg_color=&#8221;#3DC0C8&#8243; _builder_version=&#8221;4.16&#8243; _module_preset=&#8221;default&#8221; items_font=&#8221;|||on|||||&#8221; items_text_color=&#8221;#ffffff&#8221; items_font_size=&#8221;10px&#8221; items_letter_spacing=&#8221;2px&#8221; separators_text_color=&#8221;#ffffff&#8221; separators_font_size=&#8221;12px&#8221; current_font=&#8221;|||on|||||&#8221; current_text_color=&#8221;#3DC0C8&#8243; current_font_size=&#8221;10px&#8221; current_letter_spacing=&#8221;2px&#8221; custom_margin=&#8221;0px||0px||false|false&#8221; custom_padding=&#8221;0px||0px||false|false&#8221; border_radii_separators=&#8221;on|90px|90px|90px|90px&#8221; global_colors_info=&#8221;{}&#8221;][\/dsm_breadcrumbs][et_pb_text _builder_version=&#8221;4.19.0&#8243; _module_preset=&#8221;default&#8221; text_font=&#8221;||||||||&#8221; text_text_color=&#8221;#ffffff&#8221; text_font_size=&#8221;18px&#8221; text_line_height=&#8221;1.6em&#8221; header_font=&#8221;|600|||||||&#8221; header_text_align=&#8221;center&#8221; header_text_color=&#8221;#ffffff&#8221; header_font_size=&#8221;50px&#8221; header_line_height=&#8221;1.2em&#8221; header_3_font=&#8221;|700|||||||&#8221; header_3_text_color=&#8221;#3DC0C8&#8243; header_3_font_size=&#8221;12px&#8221; header_3_letter_spacing=&#8221;4px&#8221; header_3_line_height=&#8221;0.6em&#8221; header_4_font=&#8221;|600|||||||&#8221; header_4_text_color=&#8221;#ffffff&#8221; header_4_font_size=&#8221;22px&#8221; header_4_line_height=&#8221;1.4em&#8221; text_orientation=&#8221;center&#8221; max_width=&#8221;560px&#8221; module_alignment=&#8221;center&#8221; custom_margin=&#8221;-40px||0px||false|false&#8221; custom_padding=&#8221;0px||||false|false&#8221; header_font_size_tablet=&#8221;&#8221; header_font_size_phone=&#8221;36px&#8221; header_font_size_last_edited=&#8221;on|desktop&#8221; custom_css_main_element=&#8221;font-weight: 300;&#8221; header_text_shadow_style=&#8221;preset1&#8243; header_text_shadow_vertical_length=&#8221;2px&#8221; header_text_shadow_blur_strength=&#8221;24px&#8221; header_text_shadow_color=&#8221;rgba(20,134,205,0.3)&#8221; global_colors_info=&#8221;{}&#8221;]<\/p>\n<h1>Ki\u015fisel Verilerin Korunmas\u0131<\/h1>\n<p>[\/et_pb_text][et_pb_divider color=&#8221;#3DC0C8&#8243; divider_weight=&#8221;2px&#8221; _builder_version=&#8221;4.16&#8243; _module_preset=&#8221;default&#8221; max_width=&#8221;40px&#8221; module_alignment=&#8221;center&#8221; custom_margin=&#8221;10px||||false|false&#8221; locked=&#8221;off&#8221; global_colors_info=&#8221;{}&#8221;][\/et_pb_divider][\/et_pb_column][\/et_pb_row][\/et_pb_section][et_pb_section fb_built=&#8221;1&#8243; _builder_version=&#8221;4.19.0&#8243; _module_preset=&#8221;default&#8221; custom_padding=&#8221;90px||90px||true|false&#8221; bottom_divider_style=&#8221;slant2&#8243; bottom_divider_color=&#8221;#ffffff&#8221; bottom_divider_height=&#8221;150px&#8221; bottom_divider_flip=&#8221;horizontal&#8221; global_colors_info=&#8221;{}&#8221; custom_padding_tablet=&#8221;60px|60px|60px|60px|true|true&#8221; custom_padding_phone=&#8221;|30px||30px|true|true&#8221; custom_padding_last_edited=&#8221;on|phone&#8221;][et_pb_row _builder_version=&#8221;4.19.0&#8243; _module_preset=&#8221;default&#8221; custom_padding=&#8221;0px||0px|||&#8221; global_colors_info=&#8221;{}&#8221; width_tablet=&#8221;100%&#8221; width_last_edited=&#8221;on|tablet&#8221; width_phone=&#8221;100%&#8221;][et_pb_column type=&#8221;4_4&#8243; _builder_version=&#8221;4.19.0&#8243; _module_preset=&#8221;default&#8221; global_colors_info=&#8221;{}&#8221;][et_pb_text _builder_version=&#8221;4.19.0&#8243; _module_preset=&#8221;default&#8221; text_font=&#8221;|300|||||||&#8221; text_line_height=&#8221;1.8em&#8221; global_colors_info=&#8221;{}&#8221;]<\/p>\n<p><strong>Voloradome <\/strong>olarak veri sorumlusu s\u0131fat\u0131yla, ki\u015fisel verilerinizin hukuka uygun olarak i\u015flenmesini sa\u011flamak ve gizlili\u011finizi korumak amac\u0131yla gerekli g\u00fcvenlik tedbirlerini alarak, ki\u015fisel verilerinizi ilgili mevzuata uygun olarak kullanaca\u011f\u0131z. Amac\u0131m\u0131z; 6698 say\u0131l\u0131 Ki\u015fisel Verilerin Korunmas\u0131 Kanununun 10. maddesi gere\u011fince ve sizlerin memnuniyeti do\u011frultusunda, ki\u015fisel verilerinizin al\u0131nma \u015fekilleri, i\u015flenme ama\u00e7lar\u0131, payla\u015f\u0131lan ki\u015filer, hukuki nedenleri ve haklar\u0131n\u0131z konular\u0131nda sizi en \u015feffaf \u015fekilde bilgilendirmektir.<\/p>\n<p><strong>Kanun Hakk\u0131nda Genel Bilgilendirme<\/strong><\/p>\n<p>6698 Say\u0131l\u0131 Ki\u015fisel Verilerin Korunmas\u0131 Kanunu (\u201cKanun\u201d) 24 Mart 2016 tarihinde kabul edilmi\u015f\u0327 olup 7 Nisan 2016 tarihli 29677 say\u0131l\u0131 Resm\u00ee Gazetede yay\u0131mlanm\u0131\u015ft\u0131r. 6698 Say\u0131l\u0131 Ki\u015fisel Verilerin Korunmas\u0131 Kanunu, ki\u015fisel verilerin i\u015flenmesinde ba\u015fta \u00f6zel hayat\u0131n gizlili\u011fi olmak \u00fczere ki\u015filerin temel hak ve o\u0308zgu\u0308rlu\u0308klerini korumak ve ki\u015fisel verileri i\u015fleyen ger\u00e7ek ve t\u00fczel ki\u015filerin yu\u0308ku\u0308mlu\u0308lu\u0308kleri ile uyacaklar\u0131 usul ve esaslar\u0131 d\u00fczenlemek amac\u0131yla kabul edilmi\u015ftir.<\/p>\n<p><strong>Ayd\u0131nlatman\u0131n Kapsam\u0131<\/strong><\/p>\n<p>\u0130\u015fbu Ayd\u0131nlatma, m\u00fc\u015fterilerimizi, potansiyel m\u00fc\u015fterilerimizi, i\u015f ortaklar\u0131 ve tedarik\u00e7ilerimizi, web sitesi ziyaret\u00e7ilerimizi ve ki\u015fisel verilerini \u015eirketimiz ile payla\u015fan di\u011fer \u00fc\u00e7\u00fcnc\u00fc ki\u015fileri kapsamaktad\u0131r.<\/p>\n<p>&nbsp;<\/p>\n<p><strong>Ki\u015fisel Verilerinizin \u0130\u015flenme Amac\u0131 Ve Hukuki Sebepleri Neleridir?<\/strong><\/p>\n<p><strong>\u0130\u015f Ortaklar\u0131 ve Tedarik\u00e7ilerimizle \u0130li\u015fkilerimizin Y\u00fcr\u00fct\u00fclmesi:<\/strong><\/p>\n<p>\u0130\u015f ortaklar\u0131m\u0131z ve tedarik\u00e7ilerimizin ad-soyad, e-posta adresi, telefon numaras\u0131, adres, T.C. kimlik numaras\u0131, do\u011fum tarihi, do\u011fum yeri gibi imza sirk\u00fclerinde yer alan bilgilerini s\u00f6zle\u015fmelerin kurulabilmesi ve s\u00f6zle\u015fmeleri imzalamaya yetkili personelin yetkisinin kontrol\u00fcn\u00fcn yap\u0131labilmesi i\u00e7in bir s\u00f6zle\u015fmenin kurulmas\u0131 veya ifas\u0131yla do\u011frudan do\u011fruya ilgili olmas\u0131 ile s\u00f6zle\u015fmenin taraflar\u0131na ait ki\u015fisel verilerin i\u015flenmesinin gerekli olmas\u0131 sebeplerine dayanarak i\u015flemekteyiz.<\/p>\n<p><strong>Sat\u0131\u015f ve Pazarlama:<\/strong><\/p>\n<p>Elektronik Ticaretin D\u00fczenlenmesi Hakk\u0131nda Kanun \u00e7er\u00e7evesinde gerekli izinlerin al\u0131nmas\u0131 kayd\u0131yla, reklam, kampanya, sat\u0131\u015f ve pazarlama faaliyetleri i\u00e7in yap\u0131lacak trafik \u00f6l\u00e7\u00fcmleme, istatistiki analizler, m\u00fc\u015fteri portf\u00f6y\u00fcm\u00fcz\u00fcn analizi, segmentasyon\/profilleme \u00e7al\u0131\u015fmalar\u0131n\u0131 y\u00fcr\u00fctmek, m\u00fc\u015fteri memnuniyetinin \u00f6l\u00e7\u00fcmlenmesi ve art\u0131r\u0131lmas\u0131, yeni hizmet ve \u00fcr\u00fcnler ile ilgili g\u00f6r\u00fc\u015f ve \u00f6nerilerinizi almak, size \u00f6zel reklam, kampanya, avantajlar ve faydalar sunmak gibi ama\u00e7larla; ad-soyad, e-posta adresi, telefon numaras\u0131, adres, \u00e7a\u011fr\u0131 merkeziyle toplanan ses kay\u0131t verileri ve anket sonu\u00e7 verileri a\u00e7\u0131k r\u0131za ve zorunlu \u00e7erezler bak\u0131m\u0131ndan hukuki y\u00fck\u00fcml\u00fcl\u00fc\u011f\u00fcm\u00fcz\u00fcn yerine getirebilmesi i\u00e7in zorunlu olmas\u0131 sebebine dayanarak i\u015flenebilecektir. Bu verilerinizin i\u015flenmesi i\u00e7in, \u015eirket\u2019in internet sitesini ziyaret etti\u011finizde veya mobil uygulamas\u0131n\u0131 kulland\u0131\u011f\u0131n\u0131zda bilgi toplayan ve saklayan \u00e7erezler ile benzeri teknolojiler kullan\u0131labilmektedir. \u0130lgili ayarlar\u0131n\u0131z\u0131 yapmak suretiyle \u00e7erez tercihlerinizi kontrol edebilir ve belirleyebilirsiniz \u2013 daha fazla bilgi i\u00e7in l\u00fctfen \u015eirket\u2019in internet sayfas\u0131nda \u00a0<a href=\"https:\/\/voloradome.com\/cerez-politikasi\/\">\u00c7erez Politikas\u0131nda<\/a> yer alan alandan ba\u015fvurunuz.<\/p>\n<p><strong>\u015eik\u00e2yet<\/strong><strong>\u00a0Y\u00f6netimi ve \u00c7a\u011fr\u0131 Merkezi Hizmeti:<\/strong>\u00a0\u015eik\u00e2yet y\u00f6netimi, sorular\u0131n\u0131z\u0131 almak-\u00e7\u00f6z\u00fcmlemek, arayan ki\u015fiye do\u011fru hitap edilmesi, bilgi ve dan\u0131\u015fma destek hizmetlerinin sa\u011flanmas\u0131, \u015fik\u00e2yet ve taleplerinize y\u00f6nelik taraf\u0131n\u0131za bilgi ve cevap vermek ve do\u011fabilecek uyu\u015fmazl\u0131klarda delil olarak kullan\u0131lmas\u0131 amac\u0131yla, temel hak ve \u00f6zg\u00fcrl\u00fcklerinize zarar vermemek kayd\u0131yla me\u015fru menfaatlerimiz i\u00e7in veri i\u015flenmesinin zorunlu olmas\u0131 hukuki sebebine dayanarak; ad-soyad, e-posta adresi, telefon numaras\u0131, adres bilgisi, \u00e7a\u011fr\u0131 merkezi vas\u0131tas\u0131yla kaydedilen ses kay\u0131tlar\u0131 i\u015flenebilecektir.<\/p>\n<p><strong>M\u00fc\u015fteri \u0130li\u015fkileri Y\u00f6netimi:\u00a0<\/strong>\u015e\u0130RKET \u00fcr\u00fcn ve hizmetlerinin sizlere sunulabilmesi, sipari\u015flerinizi almak, \u00f6deme i\u015flemlerinizi ger\u00e7ekle\u015ftirmek, kay\u0131t ve belgelerin d\u00fczenlenebilmesi, 3. ki\u015filer ile lojistik i\u015f birli\u011fi sa\u011flay\u0131p \u00fcr\u00fcn g\u00f6nderimini sa\u011flamak, kar\u015f\u0131la\u015ft\u0131rmal\u0131 \u00fcr\u00fcn ve\/veya hizmet teklifi yapabilmek i\u00e7in, bir s\u00f6zle\u015fmenin kurulmas\u0131 veya ifas\u0131yla do\u011frudan do\u011fruya ilgili olmas\u0131 ile s\u00f6zle\u015fmenin taraflar\u0131na ait ki\u015fisel verilerin i\u015flenmesinin gerekli olmas\u0131 sebeplerine dayanarak; Ad-Soyad, e-posta, telefon numaras\u0131 verileriniz i\u015flenebilecektir.<\/p>\n<p><strong>G\u00fcvenli\u011fin Sa\u011flanmas\u0131:\u00a0<\/strong>\u015eirket\u2019te g\u00fcvenli\u011finin sa\u011flanabilmesi, meydana gelebilecek kazalar, haks\u0131z fiil veya su\u00e7 te\u015fkil eden olaylar\u0131n \u00f6nlenebilmesi ve \u00f6nlenememesi halinde ilgili kolluk kuvvetlerine bilgi verilmesi amac\u0131yla, temel hak ve \u00f6zg\u00fcrl\u00fcklerinize zarar vermemek kayd\u0131yla me\u015fru menfaatlerimiz i\u00e7in veri i\u015flenmesinin zorunlu olmas\u0131 hukuki sebebine dayanarak; \u015eirket giri\u015f ve koridorlar\u0131nda, ofis alanlar\u0131nda, teras ve dinlenme alanlar\u0131nda ses ve g\u00f6r\u00fcnt\u00fc takip ve kay\u0131t \u00f6zelli\u011fi olan ara\u00e7lar ile ses ve g\u00f6r\u00fcnt\u00fc verileriniz toplanmaktad\u0131r.<\/p>\n<p><strong>\u00c7al\u0131\u015fan verilerinin i\u015flenmesi\u00a0<\/strong>i\u00e7in l\u00fctfen bak\u0131n\u0131z\u00a0<a href=\"voloradome.com\">voloradome.com<\/a>\u00a0 adresinde yer alan \u00e7al\u0131\u015fan bilgilendirme metni.<\/p>\n<p><strong>Ki\u015fisel Verileriniz Nas\u0131l Toplanmaktad\u0131r?<\/strong><\/p>\n<p>Ki\u015fisel Verileriniz, internet sitemiz, sat\u0131\u015f ve pazarlama departman\u0131 \u00e7al\u0131\u015fanlar\u0131m\u0131z, m\u00fc\u015fteri ziyaretlerinde toplanan formlar, dijital pazarlama, S\u00f6zle\u015fmeler, ba\u015fvurular, formlar, teklifler, internet sitesi ziyaretlerinde bilgisayar\u0131m\u0131z\u0131n sizi tan\u0131mak i\u00e7in kulland\u0131\u011f\u0131 \u00e7erezle (cookies) vb, kamera kay\u0131tlar\u0131 arac\u0131l\u0131\u011f\u0131yla, s\u00f6zl\u00fc, yaz\u0131l\u0131 veya elektronik ortamda toplanabilmektedir.<\/p>\n<p>Ki\u015fisel Veri Sahibinin 6698 say\u0131l\u0131 Kanun\u2019un 11. Maddesinde Say\u0131lan Haklar\u0131<\/p>\n<p>Ki\u015fisel veri sahipleri olarak, haklar\u0131n\u0131za ili\u015fkin taleplerinizi a\u015fa\u011f\u0131da d\u00fczenlenen y\u00f6ntemlerle iletmeniz durumunda \u015eirket, talebin niteli\u011fine g\u00f6re talebi en k\u0131sa s\u00fcrede ve en ge\u00e7 otuz g\u00fcn i\u00e7inde sonu\u00e7land\u0131racakt\u0131r. Verilecek cevapta on sayfaya kadar \u00fccret al\u0131nmayacakt\u0131r. On sayfan\u0131n \u00fczerindeki her sayfa i\u00e7in 1 T\u00fcrk liras\u0131 i\u015flem \u00fccreti al\u0131nacakt\u0131r. Ba\u015fvuruya cevab\u0131n CD, flash bellek gibi bir kay\u0131t ortam\u0131nda verilmesi halinde \u015firketimiz taraf\u0131ndan talep edilebilecek \u00fccret, kay\u0131t ortam\u0131n\u0131n maliyetini ge\u00e7meyecektir.<\/p>\n<p>Bu kapsamda ki\u015fisel veri sahipleri;<\/p>\n<ol>\n<li>Ki\u015fisel veri i\u015flenip i\u015flenmedi\u011fini \u00f6\u011frenme,<\/li>\n<li>Ki\u015fisel verileri i\u015flenmi\u015fse buna ili\u015fkin bilgi talep etme,<\/li>\n<li>Ki\u015fisel verilerin i\u015flenme amac\u0131n\u0131 ve bunlar\u0131n amac\u0131na uygun kullan\u0131l\u0131p kullan\u0131lmad\u0131\u011f\u0131n\u0131 \u00f6\u011frenme,<\/li>\n<li>Yurt i\u00e7inde veya yurt d\u0131\u015f\u0131nda ki\u015fisel verilerin aktar\u0131ld\u0131\u011f\u0131 \u00fc\u00e7\u00fcnc\u00fc ki\u015fileri bilme,<\/li>\n<li>Ki\u015fisel verilerin eksik veya yanl\u0131\u015f i\u015flenmi\u015f olmas\u0131 h\u00e2linde bunlar\u0131n d\u00fczeltilmesini isteme ve bu kapsamda yap\u0131lan i\u015flemin ki\u015fisel verilerin aktar\u0131ld\u0131\u011f\u0131 \u00fc\u00e7\u00fcnc\u00fc ki\u015filere bildirilmesini isteme,<\/li>\n<li>6698 say\u0131l\u0131 Kanun ve ilgili di\u011fer kanun h\u00fck\u00fcmlerine uygun olarak i\u015flenmi\u015f olmas\u0131na ra\u011fmen, i\u015flenmesini gerektiren sebeplerin ortadan kalkmas\u0131 halinde ki\u015fisel verilerin silinmesini veya yok edilmesini isteme ve bu kapsamda yap\u0131lan i\u015flemin ki\u015fisel verilerin aktar\u0131ld\u0131\u011f\u0131 \u00fc\u00e7\u00fcnc\u00fc ki\u015filere bildirilmesini isteme,<\/li>\n<li>\u0130\u015flenen verilerin m\u00fcnhas\u0131ran otomatik sistemler vas\u0131tas\u0131yla analiz edilmesi suretiyle ki\u015finin kendisi aleyhine bir sonucun ortaya \u00e7\u0131kmas\u0131na itiraz etme,<\/li>\n<li>Ki\u015fisel verilerin kanuna ayk\u0131r\u0131 olarak i\u015flenmesi sebebiyle zarara u\u011framas\u0131 halinde zarar\u0131n giderilmesini talep etme<\/li>\n<\/ol>\n<p>haklar\u0131na sahiptir.<\/p>\n<p>Yukar\u0131da belirtilen haklar\u0131n\u0131z\u0131 kullanma ile ilgili talebinizi, 6698 say\u0131l\u0131 Kanunu\u2019nun 13. maddesinin 1. f\u0131kras\u0131 ve 30356 say\u0131l\u0131 ve 10.03.2018 tarihli Veri Sorumlusuna Ba\u015fvuru Usul ve Esaslar\u0131 Hakk\u0131nda Tebli\u011f gere\u011fince T\u00fcrk\u00e7e ve yaz\u0131l\u0131 olarak veya kay\u0131tl\u0131 elektronik posta (KEP) adresi, g\u00fcvenli elektronik imza, mobil imza ya da \u015eirket\u2019e daha \u00f6nce bildirilen ve sistemimizde kay\u0131tl\u0131 bulunan elektronik posta adresini kullanmak suretiyle iletebilirsiniz. Ba\u015fvurularda sadece ba\u015fvuru sahibi ki\u015fi hakk\u0131nda bilgi verilecek olup di\u011fer aile fertleri ve \u00fc\u00e7\u00fcnc\u00fc ki\u015filer hakk\u0131nda bilgi al\u0131nmas\u0131 m\u00fcmk\u00fcn olmayacakt\u0131r. \u015eirket\u2019in cevap vermeden \u00f6nce kimli\u011finizi do\u011frulama hakk\u0131 sakl\u0131d\u0131r.<\/p>\n<p><strong><u>Ba\u015fvurunuzda;<\/u><\/strong><\/p>\n<ol>\n<li>Ad\u0131n\u0131z\u0131n, soyad\u0131n\u0131z\u0131n ve ba\u015fvuru yaz\u0131l\u0131 ise imzan\u0131z\u0131n,<\/li>\n<li>T\u00fcrkiye Cumhuriyeti vatanda\u015flar\u0131 i\u00e7in T.C. kimlik numaran\u0131z\u0131n, yabanc\u0131 iseniz uyru\u011funuzun, pasaport numaran\u0131z\u0131n veya varsa kimlik numaran\u0131z\u0131n,<\/li>\n<li>Tebligata esas yerle\u015fim yeri veya i\u015f yeri adresinizin,<\/li>\n<li>Varsa bildirime esas elektronik posta adresi, telefon ve faks numaran\u0131z\u0131n,<\/li>\n<li>Talep konunuzun bulunmas\u0131 zorunlu olup, varsa konuya ili\u015fkin bilgi ve belgelerin de ba\u015fvuruya eklenmesi gerekmektedir.<\/li>\n<\/ol>\n<p>Yaz\u0131l\u0131 olarak yapmak istedi\u011finiz ba\u015fvurular\u0131n\u0131z\u0131, gerekli belgeleri ekleyerek veri sorumlusu olarak \u015eirketimizin Saray Mah. 1072. Sokak 4\/13 Saray M. Kazan \/ Ankara &#8211; T\u00fcrkiye adresine verebilirsiniz. E-posta yoluyla yapmak istedi\u011finiz ba\u015fvurular\u0131n\u0131z\u0131 <a href=\"voloradome.com\">voloradome.com<\/a> adresinden ula\u015fabilece\u011finiz Veri Sahibi Ba\u015fvuru Formu\u2019nu doldurarak \u015eirket\u2019imize iletebilirsiniz.<\/p>\n<p>Talebinizin niteli\u011fine g\u00f6re kimlik tespitine olanak sa\u011flayacak bilgi ve belgelerin eksiksiz ve do\u011fru olarak taraf\u0131m\u0131za sa\u011flanmas\u0131 gerekmektedir. \u0130stenilen bilgi ve belgelerin gere\u011fi gibi sa\u011flanmamas\u0131 durumunda, \u015eirket taraf\u0131ndan talebinize istinaden yap\u0131lacak ara\u015ft\u0131rmalar\u0131n tam ve nitelikli \u015fekilde y\u00fcr\u00fct\u00fclmesinde aksakl\u0131klar ya\u015fanabilecektir. Bu durumda, \u015eirket kanuni haklar\u0131n\u0131 sakl\u0131 tuttu\u011funu beyan eder. Bu nedenle, ba\u015fvurunuzun talebinizin niteli\u011fine g\u00f6re eksiksiz ve istenilen bilgileri ve belgeleri i\u00e7erecek \u015fekilde g\u00f6nderilmesi gerekmektedir.<\/p>\n<p>[\/et_pb_text][et_pb_button button_url=&#8221;https:\/\/voloradome.com\/wp-content\/uploads\/2022\/11\/kisisel-veri-sahibi-basvuru-formu.pdf&#8221; url_new_window=&#8221;on&#8221; button_text=&#8221;KVKK Ba\u015fvuru Formu&#8221; _builder_version=&#8221;4.19.0&#8243; _module_preset=&#8221;default&#8221; custom_button=&#8221;on&#8221; button_text_size=&#8221;14px&#8221; button_text_color=&#8221;#FFFFFF&#8221; button_bg_color=&#8221;#3DC0C8&#8243; button_border_width=&#8221;0px&#8221; button_border_radius=&#8221;99px&#8221; button_use_icon=&#8221;off&#8221; custom_padding=&#8221;10px|32px|10px|32px|true|true&#8221; global_colors_info=&#8221;{}&#8221; button_bg_color__hover_enabled=&#8221;on|hover&#8221; button_bg_color__hover=&#8221;#00A7C6&#8243; button_bg_enable_color__hover=&#8221;on&#8221;][\/et_pb_button][\/et_pb_column][\/et_pb_row][\/et_pb_section]<\/p>\n","protected":false},"excerpt":{"rendered":"<p>VOLO is the only composite radome supplier which holds both AS9100D and NADCAP Composites certificates to assure the part quality. <\/p>\n","protected":false},"author":2,"featured_media":0,"parent":0,"menu_order":0,"comment_status":"closed","ping_status":"closed","template":"","meta":{"_et_pb_use_builder":"on","_et_pb_old_content":"","_et_gb_content_width":"","footnotes":""},"class_list":["post-237940","page","type-page","status-publish","hentry"],"_links":{"self":[{"href":"https:\/\/voloradome.com\/tr\/wp-json\/wp\/v2\/pages\/237940","targetHints":{"allow":["GET"]}}],"collection":[{"href":"https:\/\/voloradome.com\/tr\/wp-json\/wp\/v2\/pages"}],"about":[{"href":"https:\/\/voloradome.com\/tr\/wp-json\/wp\/v2\/types\/page"}],"author":[{"embeddable":true,"href":"https:\/\/voloradome.com\/tr\/wp-json\/wp\/v2\/users\/2"}],"replies":[{"embeddable":true,"href":"https:\/\/voloradome.com\/tr\/wp-json\/wp\/v2\/comments?post=237940"}],"version-history":[{"count":0,"href":"https:\/\/voloradome.com\/tr\/wp-json\/wp\/v2\/pages\/237940\/revisions"}],"wp:attachment":[{"href":"https:\/\/voloradome.com\/tr\/wp-json\/wp\/v2\/media?parent=237940"}],"curies":[{"name":"wp","href":"https:\/\/api.w.org\/{rel}","templated":true}]}}