{"id":3291,"date":"2021-01-14T09:16:39","date_gmt":"2021-01-14T09:16:39","guid":{"rendered":"https:\/\/voloradome.com\/capabilities\/"},"modified":"2022-11-22T09:39:58","modified_gmt":"2022-11-22T09:39:58","slug":"kabiliyetler","status":"publish","type":"page","link":"https:\/\/voloradome.com\/tr\/kabiliyetler\/","title":{"rendered":"Kabiliyetler"},"content":{"rendered":"<p>[et_pb_section fb_built=&#8221;1&#8243; custom_padding_last_edited=&#8221;on|desktop&#8221; next_background_color=&#8221;#ffffff&#8221; _builder_version=&#8221;4.16&#8243; _module_preset=&#8221;default&#8221; background_enable_color=&#8221;off&#8221; use_background_color_gradient=&#8221;on&#8221; background_color_gradient_type=&#8221;circular&#8221; background_color_gradient_direction_radial=&#8221;bottom&#8221; background_color_gradient_stops=&#8221;rgba(15,15,15,0.3) 26%|#02000c 94%&#8221; background_color_gradient_overlays_image=&#8221;on&#8221; background_color_gradient_start=&#8221;rgba(15,15,15,0.3)&#8221; background_color_gradient_start_position=&#8221;26%&#8221; background_color_gradient_end=&#8221;#02000c&#8221; background_color_gradient_end_position=&#8221;94%&#8221; background_image=&#8221;https:\/\/voloradome.com\/wp-content\/uploads\/2022\/03\/temizoda.jpg&#8221; background_blend=&#8221;multiply&#8221; custom_margin=&#8221;0px|0px|0px|0px|false|false&#8221; custom_padding=&#8221;0px||0px||false|false&#8221; custom_padding_tablet=&#8221;0px||0px||false|true&#8221; custom_padding_phone=&#8221;||||false|true&#8221; top_divider_height_last_edited=&#8221;off|desktop&#8221; bottom_divider_style=&#8221;slant2&#8243; bottom_divider_flip=&#8221;horizontal&#8221; bottom_divider_height_tablet=&#8221;80px&#8221; bottom_divider_height_phone=&#8221;40px&#8221; bottom_divider_height_last_edited=&#8221;on|phone&#8221; locked=&#8221;off&#8221; global_colors_info=&#8221;{}&#8221;][et_pb_row _builder_version=&#8221;4.16&#8243; _module_preset=&#8221;default&#8221; width=&#8221;100%&#8221; custom_padding=&#8221;150px||120px||false|false&#8221; locked=&#8221;off&#8221; global_colors_info=&#8221;{}&#8221; custom_padding_tablet=&#8221;150px||120px||false|false&#8221; custom_padding_phone=&#8221;90px||60px||false|false&#8221; custom_padding_last_edited=&#8221;on|phone&#8221;][et_pb_column type=&#8221;4_4&#8243; _builder_version=&#8221;4.16&#8243; _module_preset=&#8221;default&#8221; global_colors_info=&#8221;{}&#8221;][dsm_breadcrumbs home_text=&#8221;Ana Sayfa&#8221; show_home_icon=&#8221;off&#8221; align=&#8221;center&#8221; separator_bg_color=&#8221;#3DC0C8&#8243; _builder_version=&#8221;4.18.1&#8243; _module_preset=&#8221;default&#8221; items_font=&#8221;|||on|||||&#8221; items_text_color=&#8221;#ffffff&#8221; items_font_size=&#8221;10px&#8221; items_letter_spacing=&#8221;2px&#8221; separators_text_color=&#8221;#ffffff&#8221; separators_font_size=&#8221;12px&#8221; current_font=&#8221;|||on|||||&#8221; current_text_color=&#8221;#3DC0C8&#8243; current_font_size=&#8221;10px&#8221; current_letter_spacing=&#8221;2px&#8221; custom_margin=&#8221;0px||0px||false|false&#8221; custom_padding=&#8221;0px||0px||false|false&#8221; border_radii_separators=&#8221;on|90px|90px|90px|90px&#8221; global_colors_info=&#8221;{}&#8221;][\/dsm_breadcrumbs][et_pb_text _builder_version=&#8221;4.18.1&#8243; _module_preset=&#8221;default&#8221; text_font=&#8221;||||||||&#8221; text_text_color=&#8221;#ffffff&#8221; text_font_size=&#8221;18px&#8221; text_line_height=&#8221;1.6em&#8221; header_font=&#8221;|600|||||||&#8221; header_text_align=&#8221;center&#8221; header_text_color=&#8221;#ffffff&#8221; header_font_size=&#8221;50px&#8221; header_line_height=&#8221;1.2em&#8221; header_3_font=&#8221;|700|||||||&#8221; header_3_text_color=&#8221;#3DC0C8&#8243; header_3_font_size=&#8221;12px&#8221; header_3_letter_spacing=&#8221;4px&#8221; header_3_line_height=&#8221;0.6em&#8221; header_4_font=&#8221;|600|||||||&#8221; header_4_text_color=&#8221;#ffffff&#8221; header_4_font_size=&#8221;22px&#8221; header_4_line_height=&#8221;1.4em&#8221; text_orientation=&#8221;center&#8221; max_width=&#8221;560px&#8221; module_alignment=&#8221;center&#8221; custom_margin=&#8221;-40px||0px||false|false&#8221; custom_padding=&#8221;0px||||false|false&#8221; header_font_size_tablet=&#8221;&#8221; header_font_size_phone=&#8221;36px&#8221; header_font_size_last_edited=&#8221;on|desktop&#8221; custom_css_main_element=&#8221;font-weight: 300;&#8221; header_text_shadow_style=&#8221;preset1&#8243; header_text_shadow_vertical_length=&#8221;2px&#8221; header_text_shadow_blur_strength=&#8221;24px&#8221; header_text_shadow_color=&#8221;rgba(20,134,205,0.3)&#8221; global_colors_info=&#8221;{}&#8221;]<\/p>\n<h1>Kabiliyetler<\/h1>\n<p>[\/et_pb_text][et_pb_divider color=&#8221;#3DC0C8&#8243; divider_weight=&#8221;2px&#8221; _builder_version=&#8221;4.16&#8243; _module_preset=&#8221;default&#8221; max_width=&#8221;40px&#8221; module_alignment=&#8221;center&#8221; custom_margin=&#8221;10px||||false|false&#8221; locked=&#8221;off&#8221; global_colors_info=&#8221;{}&#8221;][\/et_pb_divider][\/et_pb_column][\/et_pb_row][\/et_pb_section][et_pb_section fb_built=&#8221;1&#8243; _builder_version=&#8221;4.19.1&#8243; _module_preset=&#8221;default&#8221; custom_padding=&#8221;90px||60px||false|false&#8221; hover_enabled=&#8221;0&#8243; locked=&#8221;off&#8221; global_colors_info=&#8221;{}&#8221; custom_padding_last_edited=&#8221;on|phone&#8221; custom_padding_phone=&#8221;60px||||false|false&#8221; sticky_enabled=&#8221;0&#8243; custom_padding_tablet=&#8221;90px||60px||false|false&#8221;][et_pb_row column_structure=&#8221;1_3,1_3,1_3&#8243; use_custom_gutter=&#8221;on&#8221; _builder_version=&#8221;4.16&#8243; _module_preset=&#8221;default&#8221; custom_padding=&#8221;0px|||||&#8221; global_colors_info=&#8221;{}&#8221;][et_pb_column type=&#8221;1_3&#8243; _builder_version=&#8221;4.16&#8243; _module_preset=&#8221;default&#8221; global_colors_info=&#8221;{}&#8221;][dsm_tilt_image src=&#8221;https:\/\/voloradome.com\/wp-content\/uploads\/2021\/01\/back02.jpg&#8221; title_text=&#8221;electromagnetic01&#8243; url=&#8221;#&#8221; dsm_use_parallax=&#8221;on&#8221; _builder_version=&#8221;4.19.0&#8243; _module_preset=&#8221;default&#8221; content_font=&#8221;||||||||&#8221; content_text_color=&#8221;#FFFFFF&#8221; content_font_size=&#8221;18px&#8221; content_line_height=&#8221;1.8em&#8221; dsm_modules_popup=&#8221;on&#8221; dsm_modules_popup_library=&#8221;3296&#8243; dsm_modules_popup_width=&#8221;800px&#8221; dsm_modules_close_background_color=&#8221;#00A7C6&#8243; dsm_modules_close_icon_color=&#8221;#FFFFFF&#8221; border_radii=&#8221;on|12px|12px|12px|12px&#8221; global_colors_info=&#8221;{}&#8221;]<img loading=\"lazy\" decoding=\"async\" src=\"\/wp-content\/uploads\/2021\/01\/magnet2.svg\" width=\"54\" height=\"54\" alt=\"\" class=\"wp-image-2282 alignnone size-full\" \/><\/p>\n<p>Elektromanyetik Analiz[\/dsm_tilt_image][\/et_pb_column][et_pb_column type=&#8221;1_3&#8243; _builder_version=&#8221;4.16&#8243; _module_preset=&#8221;default&#8221; global_colors_info=&#8221;{}&#8221;][dsm_tilt_image src=&#8221;https:\/\/voloradome.com\/wp-content\/uploads\/2021\/01\/back03.jpg&#8221; title_text=&#8221;back03&#8243; url=&#8221;#&#8221; dsm_use_parallax=&#8221;on&#8221; _builder_version=&#8221;4.19.0&#8243; _module_preset=&#8221;default&#8221; content_font=&#8221;||||||||&#8221; content_text_color=&#8221;#FFFFFF&#8221; content_font_size=&#8221;18px&#8221; content_line_height=&#8221;1.8em&#8221; dsm_modules_popup=&#8221;on&#8221; dsm_modules_popup_library=&#8221;3315&#8243; dsm_modules_popup_width=&#8221;800px&#8221; dsm_modules_close_background_color=&#8221;#00A7C6&#8243; dsm_modules_close_icon_color=&#8221;#FFFFFF&#8221; border_radii=&#8221;on|12px|12px|12px|12px&#8221; global_colors_info=&#8221;{}&#8221;]<img loading=\"lazy\" decoding=\"async\" src=\"\/wp-content\/uploads\/2021\/01\/airplane2.svg\" width=\"64\" height=\"64\" alt=\"\" class=\"wp-image-2282 alignnone size-full\" \/><\/p>\n<p>Havac\u0131l\u0131k ve Savunma Sistemleri Uzmanl\u0131\u011f\u0131[\/dsm_tilt_image][\/et_pb_column][et_pb_column type=&#8221;1_3&#8243; _builder_version=&#8221;4.16&#8243; _module_preset=&#8221;default&#8221; global_colors_info=&#8221;{}&#8221;][dsm_tilt_image src=&#8221;https:\/\/voloradome.com\/wp-content\/uploads\/2021\/01\/back04.jpg&#8221; title_text=&#8221;back04&#8243; url=&#8221;#&#8221; dsm_use_parallax=&#8221;on&#8221; _builder_version=&#8221;4.19.0&#8243; _module_preset=&#8221;default&#8221; content_font=&#8221;||||||||&#8221; content_text_color=&#8221;#FFFFFF&#8221; content_font_size=&#8221;18px&#8221; content_line_height=&#8221;1.8em&#8221; dsm_modules_popup=&#8221;on&#8221; dsm_modules_popup_library=&#8221;3302&#8243; dsm_modules_popup_width=&#8221;800px&#8221; dsm_modules_close_background_color=&#8221;#00A7C6&#8243; dsm_modules_close_icon_color=&#8221;#FFFFFF&#8221; border_radii=&#8221;on|12px|12px|12px|12px&#8221; global_colors_info=&#8221;{}&#8221;]<img loading=\"lazy\" decoding=\"async\" src=\"\/wp-content\/uploads\/2021\/01\/structure.svg\" width=\"52\" height=\"52\" alt=\"\" class=\"wp-image-2282 alignnone size-full\" \/><\/p>\n<p>Yap\u0131sal Analiz[\/dsm_tilt_image][\/et_pb_column][\/et_pb_row][et_pb_row column_structure=&#8221;1_3,1_3,1_3&#8243; use_custom_gutter=&#8221;on&#8221; _builder_version=&#8221;4.16&#8243; _module_preset=&#8221;default&#8221; custom_padding=&#8221;0px|||||&#8221; global_colors_info=&#8221;{}&#8221;][et_pb_column type=&#8221;1_3&#8243; _builder_version=&#8221;4.16&#8243; _module_preset=&#8221;default&#8221; global_colors_info=&#8221;{}&#8221;][dsm_tilt_image src=&#8221;https:\/\/voloradome.com\/wp-content\/uploads\/2021\/01\/back05.jpg&#8221; title_text=&#8221;back05&#8243; url=&#8221;#&#8221; dsm_use_parallax=&#8221;on&#8221; _builder_version=&#8221;4.19.0&#8243; _module_preset=&#8221;default&#8221; content_font=&#8221;||||||||&#8221; content_text_color=&#8221;#FFFFFF&#8221; content_font_size=&#8221;18px&#8221; content_line_height=&#8221;1.8em&#8221; dsm_modules_popup=&#8221;on&#8221; dsm_modules_popup_library=&#8221;3324&#8243; dsm_modules_popup_width=&#8221;800px&#8221; dsm_modules_close_background_color=&#8221;#00A7C6&#8243; dsm_modules_close_icon_color=&#8221;#FFFFFF&#8221; border_radii=&#8221;on|12px|12px|12px|12px&#8221; global_colors_info=&#8221;{}&#8221;]<img loading=\"lazy\" decoding=\"async\" src=\"\/wp-content\/uploads\/2021\/01\/guarantee.svg\" width=\"46\" height=\"46\" alt=\"\" class=\"wp-image-2282 alignnone size-full\" \/><\/p>\n<p>Sistem Vas\u0131fland\u0131rma ve Yeterlilik Hizmetleri[\/dsm_tilt_image][\/et_pb_column][et_pb_column type=&#8221;1_3&#8243; _builder_version=&#8221;4.16&#8243; _module_preset=&#8221;default&#8221; global_colors_info=&#8221;{}&#8221;][dsm_tilt_image src=&#8221;https:\/\/voloradome.com\/wp-content\/uploads\/2021\/01\/back07.jpg&#8221; title_text=&#8221;back07&#8243; url=&#8221;#&#8221; dsm_use_parallax=&#8221;on&#8221; _builder_version=&#8221;4.19.0&#8243; _module_preset=&#8221;default&#8221; content_font=&#8221;||||||||&#8221; content_text_color=&#8221;#FFFFFF&#8221; content_font_size=&#8221;18px&#8221; content_line_height=&#8221;1.8em&#8221; dsm_modules_popup=&#8221;on&#8221; dsm_modules_popup_library=&#8221;3308&#8243; dsm_modules_popup_width=&#8221;800px&#8221; dsm_modules_close_background_color=&#8221;#00A7C6&#8243; dsm_modules_close_icon_color=&#8221;#FFFFFF&#8221; border_radii=&#8221;on|12px|12px|12px|12px&#8221; global_colors_info=&#8221;{}&#8221;]<\/p>\n<p><img loading=\"lazy\" decoding=\"async\" src=\"\/wp-content\/uploads\/2021\/01\/wrench.svg\" width=\"54\" height=\"54\" alt=\"\" class=\"wp-image-2282 alignnone size-full\" \/><\/p>\n<p>Ultrasonik Muayene ve RODOM Onar\u0131m Hizmetleri[\/dsm_tilt_image][\/et_pb_column][et_pb_column type=&#8221;1_3&#8243; _builder_version=&#8221;4.16&#8243; _module_preset=&#8221;default&#8221; global_colors_info=&#8221;{}&#8221;][dsm_tilt_image src=&#8221;https:\/\/voloradome.com\/wp-content\/uploads\/2021\/01\/back06.jpg&#8221; title_text=&#8221;back06&#8243; url=&#8221;#&#8221; dsm_use_parallax=&#8221;on&#8221; _builder_version=&#8221;4.19.0&#8243; _module_preset=&#8221;default&#8221; content_font=&#8221;||||||||&#8221; content_text_color=&#8221;#FFFFFF&#8221; content_font_size=&#8221;18px&#8221; content_line_height=&#8221;1.8em&#8221; dsm_modules_popup=&#8221;on&#8221; dsm_modules_popup_library=&#8221;3329&#8243; dsm_modules_popup_width=&#8221;800px&#8221; dsm_modules_close_background_color=&#8221;#00A7C6&#8243; dsm_modules_close_icon_color=&#8221;#FFFFFF&#8221; border_radii=&#8221;on|12px|12px|12px|12px&#8221; global_colors_info=&#8221;{}&#8221;]<img loading=\"lazy\" decoding=\"async\" src=\"\/wp-content\/uploads\/2021\/01\/control-tower.svg\" width=\"60\" height=\"60\" alt=\"\" class=\"wp-image-2282 alignnone size-full\" \/><\/p>\n<p>Kule, Bina ve Altyap\u0131 \u0130n\u015fas\u0131[\/dsm_tilt_image][\/et_pb_column][\/et_pb_row][\/et_pb_section]<\/p>\n","protected":false},"excerpt":{"rendered":"<p><div class=\"et_pb_module dsm_breadcrumbs dsm_breadcrumbs_0\">\n\t\t\t\t\n\t\t\t\t\n\t\t\t\t\n\t\t\t\t\n\t\t\t\t\n\t\t\t\t\n\t\t\t\t<div class=\"et_pb_module_inner\">\n\t\t\t\t\t<nav class=\"dsm_breadcrumbs_wrap\" role=\"navigation\" itemscope=\"\" itemtype=\"http:\/\/schema.org\/SiteNavigationElement\">\n\t\t\t\t<ul class=\"dsm_breadcrumbs\">\n\t\t\t<li class='dsm_breadcrumbs_item dsm_home_item dsm_home_item_custom'>\n\t\t\t\t<a href=\"https:\/\/voloradome.com\/tr\/\" itemprop=\"url\">\n\t\t\t\t\t<span class='dsm_home_text_wrapper'>\n\t\t\t\t\t\t\t\t\t\t\t\t\t<span class=\"dsm_home_text\" itemprop=\"name\">\n\t\t\t\t\t\t\t\tAna Sayfa\t\t\t\t\t\t\t<\/span>\n\t\t\t\t\t<\/span>\n\t\t\t\t<\/a>\n\t\t\t<\/li>\n\n\t\t<li class=\"dsm_breadcrumbs_separator\"> <span class=\"et-pb-icon dsm_separator_icon\">5<\/span><\/li><\/ul>\n\t\t\t<\/nav>\n\t\t\t\t<\/div>\n\t\t\t<\/div>Kabiliyetler<div data-dsm-popup-order-class=\"dsm_tilt_image_0\" data-dsm-popup-id=\"3296\" data-dsm-popup-cookie-consent=\"off\" data-dsm-popup-position=\"center\"  data-dsm-popup-position-tablet=\"center\" data-dsm-popup-position-phone=\"center\" data-dsm-popup-position-type=\"absolute\"  data-dsm-popup-animation-in=\"fadeIn\" data-dsm-popup-animation-out=\"fadeOut\" data-dsm-popup-trigger=\"module\" data-dsm-popup-close-trigger=\"true\" data-dsm-popup-type=\"inline\"         data-dsm-popup-background=\"rgba(0,0,0,0.8)\" data-dsm-popup-button=\"on\" data-dsm-popup-close-button-placement=\"true\" data-dsm-popup-close-font-icon=\"M\" data-dsm-popup-fullwidth-width=\"off\" class=\"et_pb_module dsm-popup-module dsm-popup-trigger dsm_tilt_image dsm_tilt_image_0\">\n\t\t\t\t\n\t\t\t\t\n\t\t\t\t\n\t\t\t\t\n\t\t\t\t\n\t\t\t\t\n\t\t\t\t<div class=\"et_pb_module_inner\">\n\t\t\t\t\t<a class=\"dsm-tilt-image-wrapper et_pb_has_overlay dsm_tilt_image_link\" data-tilt data-tilt-max=\"35\" data-tilt-speed=\"300\" data-tilt-perspective=\"1000\" data-tilt-scale=\"1\" data-tilt-mobile-disable=\"off\" data-tilt-reverse=\"false\" href=\"#\">\n\t\t\t\t\n\t\t\t\t\n\t\t\t\t<span class=\"et_pb_image_wrap \"><img decoding=\"async\" src=\"https:\/\/voloradome.com\/wp-content\/uploads\/2021\/01\/back02.jpg\" alt=\"\" title=\"electromagnetic01\" \/><div class=\"dsm_tilt_overlay et_pb_bg_layout_dark et_pb_text_align_center\">\n\t\t\t\t\t<div class=\"dsm_tilt_overlay_wrapper\">\n\t\t\t\t\t\t\n\t\t\t\t\t\t\n\t\t\t\t\t\t<div class=\"dsm_tilt_overlay_content\"> Elektromanyetik Analiz<\/div>\n\t\t\t\t\t<\/div>\n\t\t\t\t<\/div><\/span>\n\t\t\t<\/a>\n\t\t\t\t<\/div>\n\t\t\t<\/div><div id=\"dsm-popup-3296\" class=\"mfp-hide dsm-popup\"><div class=\"et_pb_section et_pb_section_1 et_pb_with_background et_section_regular\" >\n\t\t\t\t\n\t\t\t\t\n\t\t\t\t\n\t\t\t\t\n\t\t\t\t\n\t\t\t\t\n\t\t\t\t<div class=\"et_pb_row et_pb_row_0\">\n\t\t\t\t<div class=\"et_pb_column et_pb_column_4_4 et_pb_column_0  et_pb_css_mix_blend_mode_passthrough et-last-child\">\n\t\t\t\t\n\t\t\t\t\n\t\t\t\t\n\t\t\t\t\n\t\t\t\t<div class=\"et_pb_module et_pb_text et_pb_text_0  et_pb_text_align_left et_pb_bg_layout_light\">\n\t\t\t\t\n\t\t\t\t\n\t\t\t\t\n\t\t\t\t\n\t\t\t\t<div class=\"et_pb_text_inner\"><h3>Elektromanyetik Analizler<\/h3><\/div>\n\t\t\t<\/div><div class=\"et_pb_module et_pb_text et_pb_text_1  et_pb_text_align_left et_pb_bg_layout_light\">\n\t\t\t\t\n\t\t\t\t\n\t\t\t\t\n\t\t\t\t\n\t\t\t\t<div class=\"et_pb_text_inner\">Elektromanyetik Giri\u015fim (EMI) ve Elektromanyetik Uyumluluk (EMC) analizleri ve testleri yaparak, RF \u0130letim Kayb\u0131 ve Elektromanyetik Sinyal Ge\u00e7irgenli\u011fi gibi pek \u00e7ok performans de\u011fi\u015fkenini hassasiyetle tespit ediyoruz.<\/div>\n\t\t\t<\/div><div class=\"et_pb_module et_pb_image et_pb_image_0\">\n\t\t\t\t\n\t\t\t\t\n\t\t\t\t\n\t\t\t\t\n\t\t\t\t<span class=\"et_pb_image_wrap \"><img loading=\"lazy\" decoding=\"async\" width=\"941\" height=\"425\" src=\"https:\/\/voloradome.com\/wp-content\/uploads\/2022\/03\/electromagnetic01.jpg\" alt=\"\" title=\"\" srcset=\"https:\/\/voloradome.com\/wp-content\/uploads\/2022\/03\/electromagnetic01.jpg 941w, https:\/\/voloradome.com\/wp-content\/uploads\/2022\/03\/electromagnetic01-480x217.jpg 480w\" sizes=\"(min-width: 0px) and (max-width: 480px) 480px, (min-width: 481px) 941px, 100vw\" class=\"wp-image-2949\" \/><\/span>\n\t\t\t<\/div><div class=\"et_pb_module et_pb_text et_pb_text_2  et_pb_text_align_left et_pb_bg_layout_light\">\n\t\t\t\t\n\t\t\t\t\n\t\t\t\t\n\t\t\t\t\n\t\t\t\t<div class=\"et_pb_text_inner\">\u0130htiya\u00e7lar\u0131n\u0131za Uygun En \u0130yi RF Analizi<\/div>\n\t\t\t<\/div>\n\t\t\t<\/div>\n\t\t\t\t\n\t\t\t\t\n\t\t\t\t\n\t\t\t\t\n\t\t\t<\/div>\n\t\t\t\t\n\t\t\t\t\n\t\t\t<\/div><\/div><div class=\"et_pb_module dsm_tilt_image dsm_tilt_image_1\">\n\t\t\t\t\n\t\t\t\t\n\t\t\t\t\n\t\t\t\t\n\t\t\t\t\n\t\t\t\t\n\t\t\t\t<div class=\"et_pb_module_inner\">\n\t\t\t\t\t<a class=\"dsm-tilt-image-wrapper et_pb_has_overlay dsm_tilt_image_link\" data-tilt data-tilt-max=\"35\" data-tilt-speed=\"300\" data-tilt-perspective=\"1000\" data-tilt-scale=\"1\" data-tilt-mobile-disable=\"off\" data-tilt-reverse=\"false\" href=\"http:\/\/&#8221;#&#8221;\">\n\t\t\t\t\n\t\t\t\t\n\t\t\t\t<span class=\"et_pb_image_wrap \"><img decoding=\"async\" src=\"&#8221;https:\/\/voloradome.com\/wp-content\/uploads\/2021\/01\/back03.jpg&#8221;\" alt=\"\" title=\"&#8221;back03&#8243;\" \/><\/span>\n\t\t\t<\/a>\n\t\t\t\t<\/div>\n\t\t\t<\/div><\/p>\n","protected":false},"author":2,"featured_media":0,"parent":0,"menu_order":0,"comment_status":"closed","ping_status":"closed","template":"","meta":{"_et_pb_use_builder":"on","_et_pb_old_content":"","_et_gb_content_width":"","footnotes":""},"class_list":["post-3291","page","type-page","status-publish","hentry"],"_links":{"self":[{"href":"https:\/\/voloradome.com\/tr\/wp-json\/wp\/v2\/pages\/3291","targetHints":{"allow":["GET"]}}],"collection":[{"href":"https:\/\/voloradome.com\/tr\/wp-json\/wp\/v2\/pages"}],"about":[{"href":"https:\/\/voloradome.com\/tr\/wp-json\/wp\/v2\/types\/page"}],"author":[{"embeddable":true,"href":"https:\/\/voloradome.com\/tr\/wp-json\/wp\/v2\/users\/2"}],"replies":[{"embeddable":true,"href":"https:\/\/voloradome.com\/tr\/wp-json\/wp\/v2\/comments?post=3291"}],"version-history":[{"count":0,"href":"https:\/\/voloradome.com\/tr\/wp-json\/wp\/v2\/pages\/3291\/revisions"}],"wp:attachment":[{"href":"https:\/\/voloradome.com\/tr\/wp-json\/wp\/v2\/media?parent=3291"}],"curies":[{"name":"wp","href":"https:\/\/api.w.org\/{rel}","templated":true}]}}